{"id":11,"date":"2021-02-10T02:33:27","date_gmt":"2021-02-10T02:33:27","guid":{"rendered":"http:\/\/sw-themes.com\/porto_dummy\/?page_id=11"},"modified":"2026-02-02T10:21:06","modified_gmt":"2026-02-02T09:21:06","slug":"about-us","status":"publish","type":"page","link":"https:\/\/logiciel.click\/clutch\/about-us\/","title":{"rendered":"A propos"},"content":{"rendered":"\t\t<div data-elementor-type=\"wp-page\" data-elementor-id=\"11\" class=\"elementor elementor-11\" data-elementor-post-type=\"page\">\n\t\t\t\t\t\t<section class=\"elementor-section elementor-top-section elementor-element elementor-element-ebc357e pt-3 mt-4 elementor-section-boxed elementor-section-height-default elementor-section-height-default\" data-id=\"ebc357e\" data-element_type=\"section\" data-e-type=\"section\">\r\n\t\t\r\n\t\t\t\t\t\t\t<div class=\"elementor-container elementor-column-gap-no\">\r\n\t\t\t\t\t\t\t\t\t\t\t<div class=\"elementor-column elementor-col-100 elementor-top-column elementor-element elementor-element-7e05d30\" data-id=\"7e05d30\" data-element_type=\"column\" data-e-type=\"column\">\r\n\t\t\t\t\t<div class=\"elementor-widget-wrap elementor-element-populated\">\r\n\t\t\t\t\t\t\t\t<div class=\"elementor-element elementor-element-c14f7ca mb-4 elementor-invisible elementor-widget elementor-widget-heading\" data-id=\"c14f7ca\" data-element_type=\"widget\" data-e-type=\"widget\" data-settings=\"{&quot;_animation&quot;:&quot;fadeInUp&quot;,&quot;_animation_delay&quot;:250}\" data-widget_type=\"heading.default\">\n\t\t\t\t\t<h2 class=\"elementor-heading-title elementor-size-default\"> L\u2019entreprise CLUTCH a \u00e9t\u00e9 fond\u00e9e par une \n\u00e9quipe des ing\u00e9nieurs dynamiques, n\u00e9e d'une \nv\u00e9ritable passion pour la conception et la \nr\u00e9alisation des projets tout corps d\u2019\u00e9tat.<\/h2>\t\t\t\t<\/div>\n\t\t\t\t<div class=\"elementor-element elementor-element-8521042 m-b-md elementor-invisible elementor-widget elementor-widget-heading\" data-id=\"8521042\" data-element_type=\"widget\" data-e-type=\"widget\" data-settings=\"{&quot;_animation&quot;:&quot;fadeInUp&quot;,&quot;_animation_delay&quot;:500}\" data-widget_type=\"heading.default\">\n\t\t\t\t\t<p class=\"elementor-heading-title elementor-size-default\">Notre savoir faire et nos comp\u00e9tences reposent sur un bureau d'\u00e9tudes, nos comp\u00e9tences sur le terrain et des personnels exp\u00e9riment\u00e9s et motiv\u00e9s. <\/p>\t\t\t\t<\/div>\n\t\t\t\t<div class=\"elementor-element elementor-element-d6cdea6 mb-4 pb-2 elementor-invisible elementor-widget elementor-widget-heading\" data-id=\"d6cdea6\" data-element_type=\"widget\" data-e-type=\"widget\" data-settings=\"{&quot;_animation&quot;:&quot;fadeInUp&quot;,&quot;_animation_delay&quot;:500}\" data-widget_type=\"heading.default\">\n\t\t\t\t\t<p class=\"elementor-heading-title elementor-size-default\">Quelque soit votre projet, l\u2019entreprise \nCLUTCH vous accompagne, identifie l'ensemble de vos besoins et vous propose une installation personnalis\u00e9e r\u00e9pondant \u00e0 vos attentes.<\/p>\t\t\t\t<\/div>\n\t\t\t\t\t<\/div>\r\n\t\t\t\t<\/div>\r\n\t\t\t\t\t<\/div>\r\n\t\t\t\t<\/section>\r\n\t\t\t\t<div class=\"elementor-section elementor-top-section elementor-element elementor-element-34002 elementor-section-content-middle elementor-section-boxed elementor-section-height-default elementor-section-height-default\" data-id=\"34002\" data-element_type=\"section\" data-e-type=\"section\">\r\n\t\t\r\n\t\t\t\t\t\t\t<div class=\"elementor-container elementor-column-gap-no\">\r\n\t\t\t\t\t\t\t\t\t\t\t<div class=\"elementor-column elementor-col-50 elementor-top-column elementor-element elementor-element-b81326f custom-xl-50 mb-4 mb-lg-0\" data-id=\"b81326f\" data-element_type=\"column\" data-e-type=\"column\">\r\n\t\t\t\t\t<div class=\"elementor-widget-wrap elementor-element-populated\">\r\n\t\t\t\t\t\t\t\t<div class=\"elementor-section elementor-inner-section elementor-element elementor-element-426215a elementor-section-content-middle elementor-section-boxed elementor-section-height-default elementor-section-height-default\" data-id=\"426215a\" data-element_type=\"section\" data-e-type=\"section\">\r\n\t\t\r\n\t\t\t\t\t\t\t<div class=\"elementor-container elementor-column-gap-default\">\r\n\t\t\t\t\t\t\t\t\t\t\t<div class=\"elementor-column elementor-col-50 elementor-inner-column elementor-element elementor-element-26e030a col-auto p-0 w-auto elementor-invisible\" data-id=\"26e030a\" data-element_type=\"column\" data-e-type=\"column\" data-settings=\"{&quot;animation&quot;:&quot;fadeInLeft&quot;,&quot;animation_delay&quot;:600}\">\r\n\t\t\t\t\t<div class=\"elementor-widget-wrap elementor-element-populated\">\r\n\t\t\t\t\t\t\t\t<div class=\"elementor-element elementor-element-8bf3e7b custom-info-style elementor-widget elementor-widget-porto_info_box\" data-id=\"8bf3e7b\" data-element_type=\"widget\" data-e-type=\"widget\" data-widget_type=\"porto_info_box.default\">\n\t\t\t\t\t<div class=\"porto-sicon-box style_1 default-icon\"><div class=\"porto-sicon-default\"><div class=\"porto-just-icon-wrapper porto-sicon-img  porto-icon-d751713988987e9331980363e24189ce\" style=\"margin-right:16px;\"><img decoding=\"async\" class=\"img-icon\" alt=\"icon\" src=\"https:\/\/logiciel.click\/clutch\/wp-content\/uploads\/2021\/02\/p-icon.jpg\" width=\"63\" height=\"63\" \/><\/div><\/div><div class=\"porto-sicon-header\"><h3 class=\"porto-sicon-title\" style=\"\">300+<\/h3><p >Clients Satisfait<\/p><\/div> <!-- header --><\/div><!-- porto-sicon-box -->\t\t\t\t<\/div>\n\t\t\t\t\t<\/div>\r\n\t\t\t\t<\/div>\r\n\t\t\t\t<div class=\"elementor-column elementor-col-50 elementor-inner-column elementor-element elementor-element-66ed3a0 col-auto p-0 elementor-invisible\" data-id=\"66ed3a0\" data-element_type=\"column\" data-e-type=\"column\" data-settings=\"{&quot;animation&quot;:&quot;fadeInLeft&quot;,&quot;animation_delay&quot;:800}\">\r\n\t\t\t\t\t<div class=\"elementor-widget-wrap elementor-element-populated\">\r\n\t\t\t\t\t\t\t\t<div class=\"elementor-element elementor-element-1c1c3e4 mb-0 elementor-widget__width-initial elementor-widget elementor-widget-heading\" data-id=\"1c1c3e4\" data-element_type=\"widget\" data-e-type=\"widget\" data-widget_type=\"heading.default\">\n\t\t\t\t\t<p class=\"elementor-heading-title elementor-size-default\">Nous pla\u00e7ons l\u2019humain, l\u2019\u00e9coute et la performance au c\u0153ur de notre d\u00e9marche.<\/p>\t\t\t\t<\/div>\n\t\t\t\t\t<\/div>\r\n\t\t\t\t<\/div>\r\n\t\t\t\t\t<\/div>\r\n\t\t\t\t<\/div>\r\n\t\t\t\t\t<\/div>\r\n\t\t\t\t<\/div>\r\n\t\t\t\t<div class=\"elementor-column elementor-col-50 elementor-top-column elementor-element elementor-element-9839624 custom-w-auto\" data-id=\"9839624\" data-element_type=\"column\" data-e-type=\"column\">\r\n\t\t\t\t\t<div class=\"elementor-widget-wrap elementor-element-populated\">\r\n\t\t\t\t\t\t\t\t<div class=\"elementor-element elementor-element-55b7659 p-l-sm p-r-sm w-auto d-inline-block col-auto custom-btn-style-1 custom-btn-primary  ms-0 elementor-invisible elementor-widget elementor-widget-porto_button\" data-id=\"55b7659\" data-element_type=\"widget\" data-e-type=\"widget\" data-settings=\"{&quot;_animation&quot;:&quot;fadeInLeft&quot;,&quot;_animation_delay&quot;:1000}\" data-widget_type=\"porto_button.default\">\n\t\t\t\t\t<a aria-label=\"button\" class=\"btn btn-md btn-primary\" href=\"#\"><span >Nos R\u00e9f\u00e9rences<\/span><\/a>\t\t\t\t<\/div>\n\t\t\t\t<div class=\"elementor-element elementor-element-7c99a7d p-l-sm p-r-sm w-auto d-inline-block col-auto custom-btn-style-1  elementor-invisible elementor-widget elementor-widget-porto_button\" data-id=\"7c99a7d\" data-element_type=\"widget\" data-e-type=\"widget\" data-settings=\"{&quot;_animation&quot;:&quot;fadeInLeft&quot;,&quot;_animation_delay&quot;:1100}\" data-widget_type=\"porto_button.default\">\n\t\t\t\t\t<a aria-label=\"button\" class=\"btn btn-md btn-dark\" href=\"https:\/\/logiciel.click\/clutch\/contact-us\/\"><span >Contactez-nous<\/span><\/a>\t\t\t\t<\/div>\n\t\t\t\t\t<\/div>\r\n\t\t\t\t<\/div>\r\n\t\t\t\t\t<\/div>\r\n\t\t\t\t<\/div>\r\n\t\t\t\t<div class=\"elementor-section elementor-top-section elementor-element elementor-element-c7e2ce9 elementor-section-boxed elementor-section-height-default elementor-section-height-default\" data-id=\"c7e2ce9\" data-element_type=\"section\" data-e-type=\"section\">\r\n\t\t\r\n\t\t\t\t\t\t\t<div class=\"elementor-container elementor-column-gap-custom\">\r\n\t\t\t\t\t\t\t\t\t\t\t<div class=\"elementor-column elementor-col-50 elementor-top-column elementor-element elementor-element-581996c custom-height-1 custom-width-1\" data-id=\"581996c\" data-element_type=\"column\" data-e-type=\"column\">\r\n\t\t\t\t\t<div class=\"elementor-widget-wrap elementor-element-populated\">\r\n\t\t\t\t\t\t\t\t<div class=\"elementor-element elementor-element-706130f custom-box-shadow-1 mb-0 elementor-widget elementor-widget-image\" data-id=\"706130f\" data-element_type=\"widget\" data-e-type=\"widget\" data-widget_type=\"image.default\">\n\t\t\t\t\t\t\t\t\t\t\t\t\t\t\t<img fetchpriority=\"high\" decoding=\"async\" width=\"598\" height=\"485\" src=\"https:\/\/logiciel.click\/clutch\/wp-content\/uploads\/2026\/02\/generic-5.jpg\" class=\"attachment-full size-full wp-image-5103\" alt=\"\" srcset=\"https:\/\/logiciel.click\/clutch\/wp-content\/uploads\/2026\/02\/generic-5.jpg 598w, https:\/\/logiciel.click\/clutch\/wp-content\/uploads\/2026\/02\/generic-5-400x324.jpg 400w, https:\/\/logiciel.click\/clutch\/wp-content\/uploads\/2026\/02\/generic-5-367x298.jpg 367w\" sizes=\"(max-width: 598px) 100vw, 598px\" \/>\t\t\t\t\t\t\t\t\t\t\t\t\t\t\t<\/div>\n\t\t\t\t\t<\/div>\r\n\t\t\t\t<\/div>\r\n\t\t\t\t<div class=\"elementor-column elementor-col-25 elementor-top-column elementor-element elementor-element-afe37b6 custom-height-1 custom-width-1\" data-id=\"afe37b6\" data-element_type=\"column\" data-e-type=\"column\">\r\n\t\t\t\t\t<div class=\"elementor-widget-wrap elementor-element-populated\">\r\n\t\t\t\t\t\t\t\t<div class=\"elementor-element elementor-element-a9e7393 custom-box-shadow-1 mb-0 elementor-widget elementor-widget-image\" data-id=\"a9e7393\" data-element_type=\"widget\" data-e-type=\"widget\" data-widget_type=\"image.default\">\n\t\t\t\t\t\t\t\t\t\t\t\t\t\t\t<img decoding=\"async\" width=\"290\" height=\"488\" src=\"https:\/\/logiciel.click\/clutch\/wp-content\/uploads\/2026\/02\/generic-1.jpg\" class=\"attachment-full size-full wp-image-5104\" alt=\"\" \/>\t\t\t\t\t\t\t\t\t\t\t\t\t\t\t<\/div>\n\t\t\t\t\t<\/div>\r\n\t\t\t\t<\/div>\r\n\t\t\t\t<div class=\"elementor-column elementor-col-25 elementor-top-column elementor-element elementor-element-cd5cbb6 custom-width-1 custom-height-2 custom-height-1 \" data-id=\"cd5cbb6\" data-element_type=\"column\" data-e-type=\"column\">\r\n\t\t\t\t\t<div class=\"elementor-widget-wrap elementor-element-populated\">\r\n\t\t\t\t\t\t\t\t<div class=\"elementor-element elementor-element-bcde2f4  mb-4 custom-box-shadow-1 elementor-widget elementor-widget-image\" data-id=\"bcde2f4\" data-element_type=\"widget\" data-e-type=\"widget\" data-widget_type=\"image.default\">\n\t\t\t\t\t\t\t\t\t\t\t\t\t\t\t<img loading=\"lazy\" decoding=\"async\" width=\"2560\" height=\"1920\" src=\"https:\/\/logiciel.click\/clutch\/wp-content\/uploads\/2023\/10\/2023061-scaled.jpg\" class=\"attachment-full size-full wp-image-5091\" alt=\"\" srcset=\"https:\/\/logiciel.click\/clutch\/wp-content\/uploads\/2023\/10\/2023061-scaled.jpg 2560w, https:\/\/logiciel.click\/clutch\/wp-content\/uploads\/2023\/10\/2023061-1024x768.jpg 1024w, https:\/\/logiciel.click\/clutch\/wp-content\/uploads\/2023\/10\/2023061-768x576.jpg 768w, https:\/\/logiciel.click\/clutch\/wp-content\/uploads\/2023\/10\/2023061-1536x1152.jpg 1536w, https:\/\/logiciel.click\/clutch\/wp-content\/uploads\/2023\/10\/2023061-2048x1536.jpg 2048w, https:\/\/logiciel.click\/clutch\/wp-content\/uploads\/2023\/10\/2023061-463x348.jpg 463w, https:\/\/logiciel.click\/clutch\/wp-content\/uploads\/2023\/10\/2023061-640x480.jpg 640w, https:\/\/logiciel.click\/clutch\/wp-content\/uploads\/2023\/10\/2023061-400x300.jpg 400w, https:\/\/logiciel.click\/clutch\/wp-content\/uploads\/2023\/10\/2023061-367x275.jpg 367w\" sizes=\"(max-width: 2560px) 100vw, 2560px\" \/>\t\t\t\t\t\t\t\t\t\t\t\t\t\t\t<\/div>\n\t\t\t\t<div class=\"elementor-element elementor-element-75ad7c0  mb-4 custom-box-shadow-1 elementor-widget elementor-widget-image\" data-id=\"75ad7c0\" data-element_type=\"widget\" data-e-type=\"widget\" data-widget_type=\"image.default\">\n\t\t\t\t\t\t\t\t\t\t\t\t\t\t\t<img loading=\"lazy\" decoding=\"async\" width=\"291\" height=\"245\" src=\"https:\/\/logiciel.click\/clutch\/wp-content\/uploads\/2021\/02\/generic-3.jpg\" class=\"attachment-full size-full wp-image-978\" alt=\"generic\" \/>\t\t\t\t\t\t\t\t\t\t\t\t\t\t\t<\/div>\n\t\t\t\t\t<\/div>\r\n\t\t\t\t<\/div>\r\n\t\t\t\t\t<\/div>\r\n\t\t\t\t<\/div>\r\n\t\t\t\t<section class=\"elementor-section elementor-top-section elementor-element elementor-element-02fedf1 elementor-section-content-middle overflow-hidden custom-pos-static custom-margin-skill elementor-section-boxed elementor-section-height-default elementor-section-height-default\" data-id=\"02fedf1\" data-element_type=\"section\" data-e-type=\"section\" data-settings=\"{&quot;background_background&quot;:&quot;classic&quot;,&quot;shape_divider_top&quot;:&quot;custom&quot;,&quot;shape_divider_top_custom&quot;:{&quot;value&quot;:{&quot;url&quot;:&quot;https:\\\/\\\/www.portotheme.com\\\/wordpress\\\/porto\\\/elementor\\\/business-consulting3\\\/wp-content\\\/uploads\\\/sites\\\/82\\\/2022\\\/05\\\/top.svg&quot;,&quot;id&quot;:3645},&quot;library&quot;:&quot;svg&quot;},&quot;shape_divider_bottom&quot;:&quot;custom&quot;,&quot;shape_divider_bottom_custom&quot;:{&quot;value&quot;:{&quot;url&quot;:&quot;https:\\\/\\\/www.portotheme.com\\\/wordpress\\\/porto\\\/elementor\\\/business-consulting3\\\/wp-content\\\/uploads\\\/sites\\\/82\\\/2021\\\/02\\\/bottom.svg&quot;,&quot;id&quot;:3701},&quot;library&quot;:&quot;svg&quot;}}\">\r\n\t\t\t\t<div class=\"elementor-shape elementor-shape-top\" data-negative=\"false\">\r\n\t\t\t<svg xmlns=\"http:\/\/www.w3.org\/2000\/svg\" xmlns:xlink=\"http:\/\/www.w3.org\/1999\/xlink\" preserveaspectratio=\"none\" viewbox=\"0 0 1920 123\" x=\"0px\" y=\"0px\"><polygon fill=\"#F3F3F3\" points=\"0,90 221,60 563,88 931,35 1408,93 1920,41 1920,-1 0,-1 \">    <\/polygon><polygon fill=\"#FFFFFF\" points=\"0,75 219,44 563,72 930,19 1408,77 1920,25 1920,-1 0,-1 \">    <\/polygon><\/svg>\t\t<\/div>\r\n\t\t\t\t<div class=\"elementor-shape elementor-shape-bottom\" data-negative=\"false\">\r\n\t\t\t<svg xmlns=\"http:\/\/www.w3.org\/2000\/svg\" xmlns:xlink=\"http:\/\/www.w3.org\/1999\/xlink\" preserveaspectratio=\"none\" viewbox=\"0 0 1920 123\" x=\"0px\" y=\"0px\"><polygon fill=\"#F3F3F3\" points=\"0,90 221,60 563,88 931,35 1408,93 1920,41 1920,-1 0,-1 \">    <\/polygon><polygon fill=\"#FFFFFF\" points=\"0,75 219,44 563,72 930,19 1408,77 1920,25 1920,-1 0,-1 \">    <\/polygon><\/svg>\t\t<\/div>\r\n\t\t\r\n\t\t\t\t\t\t\t<div class=\"elementor-container elementor-column-gap-default\">\r\n\t\t\t\t\t\t\t\t\t\t\t<div class=\"elementor-column elementor-col-50 elementor-top-column elementor-element elementor-element-a4e5f1c\" data-id=\"a4e5f1c\" data-element_type=\"column\" data-e-type=\"column\">\r\n\t\t\t\t\t<div class=\"elementor-widget-wrap elementor-element-populated\">\r\n\t\t\t\t\t\t\t\t<div class=\"elementor-element elementor-element-fc541eb elementor-invisible elementor-widget elementor-widget-porto_ultimate_heading\" data-id=\"fc541eb\" data-element_type=\"widget\" data-e-type=\"widget\" data-settings=\"{&quot;_animation&quot;:&quot;fadeInUp&quot;,&quot;_animation_delay&quot;:250}\" data-widget_type=\"porto_ultimate_heading.default\">\n\t\t\t\t\t<div class=\"porto-u-heading  porto-u-ad87e2eaf3f9c495180fe0156ddf3eb0\"><div class=\"porto-u-main-heading\"><h2    style=\"margin-bottom: 24px;\">Un savoir-faire local ancr\u00e9 dans l\u2019innovation.<\/h2><\/div><div class=\"porto-u-sub-heading\" style=\"margin-bottom:40px;\"><p>Nous ne nous contentons pas de r\u00e9aliser des travaux : nous transformons vos id\u00e9es en espaces fonctionnels, esth\u00e9tiques et durables. Chaque projets b\u00e9n\u00e9ficie de notre expertise technique, de notre rigueur et d'une attention particuli\u00e8re aux d\u00e9tails. Nous privil\u00e9gions la proximit\u00e9 avec nos clients. l'\u00e9coute de leurs besoins et la transparence totale tout au long du projet. Que ce soit pour construction, la r\u00e9novation, l'\u00e9lectricit\u00e9 ou l'am\u00e9nagement, notre engagement reste le m\u00eame : livrer un r\u00e9sultat impeccable, dans les d\u00e9lais et selon les normes les plus strictes.<br \/>Avec CLUTCH, vos projets sont entre de bonnes mains, et chaque intervention devient une exp\u00e9rience r\u00e9ussie, alliant performance, s\u00e9curit\u00e9 et qualit\u00e9.<\/p><\/div><style>.porto-u-ad87e2eaf3f9c495180fe0156ddf3eb0.porto-u-heading{text-align:left}<\/style><\/div>\t\t\t\t<\/div>\n\t\t\t\t\t<\/div>\r\n\t\t\t\t<\/div>\r\n\t\t\t\t<div class=\"elementor-column elementor-col-50 elementor-top-column elementor-element elementor-element-69fd377\" data-id=\"69fd377\" data-element_type=\"column\" data-e-type=\"column\">\r\n\t\t\t\t\t<div class=\"elementor-widget-wrap elementor-element-populated\">\r\n\t\t\t\t\t\t\t\t<div class=\"elementor-element elementor-element-dfb28c5 elementor-widget elementor-widget-image\" data-id=\"dfb28c5\" data-element_type=\"widget\" data-e-type=\"widget\" data-widget_type=\"image.default\">\n\t\t\t\t\t\t\t\t\t\t\t\t\t\t\t<img loading=\"lazy\" decoding=\"async\" width=\"483\" height=\"271\" src=\"https:\/\/logiciel.click\/clutch\/wp-content\/uploads\/2021\/02\/generic-4-grey.jpg\" class=\"attachment-full size-full wp-image-2161\" alt=\"\" srcset=\"https:\/\/logiciel.click\/clutch\/wp-content\/uploads\/2021\/02\/generic-4-grey.jpg 483w, https:\/\/logiciel.click\/clutch\/wp-content\/uploads\/2021\/02\/generic-4-grey-400x224.jpg 400w, https:\/\/logiciel.click\/clutch\/wp-content\/uploads\/2021\/02\/generic-4-grey-367x206.jpg 367w\" sizes=\"(max-width: 483px) 100vw, 483px\" \/>\t\t\t\t\t\t\t\t\t\t\t\t\t\t\t<\/div>\n\t\t\t\t\t<\/div>\r\n\t\t\t\t<\/div>\r\n\t\t\t\t\t<\/div>\r\n\t\t\t\t<\/section>\r\n\t\t\t\t<div class=\"elementor-section elementor-top-section elementor-element elementor-element-ca8a3d9 py-5 mb-5  elementor-section-boxed elementor-section-height-default elementor-section-height-default\" data-id=\"ca8a3d9\" data-element_type=\"section\" data-e-type=\"section\">\r\n\t\t\r\n\t\t\t\t\t\t\t<div class=\"elementor-container elementor-column-gap-no\">\r\n\t\t\t\t\t\t\t\t\t\t\t<div class=\"elementor-column elementor-col-100 elementor-top-column elementor-element elementor-element-32ca284\" data-id=\"32ca284\" data-element_type=\"column\" data-e-type=\"column\">\r\n\t\t\t\t\t<div class=\"elementor-widget-wrap elementor-element-populated\">\r\n\t\t\t\t\t\t\t\t<div class=\"elementor-element elementor-element-4bba536 elementor-tabs-alignment-center custom-tab elementor-tabs-view-horizontal elementor-widget elementor-widget-tabs\" data-id=\"4bba536\" data-element_type=\"widget\" data-e-type=\"widget\" data-widget_type=\"tabs.default\">\n\t\t\t\t\t\t\t<div class=\"elementor-tabs\">\n\t\t\t<div class=\"elementor-tabs-wrapper\" role=\"tablist\" >\n\t\t\t\t\t\t\t\t\t<div id=\"elementor-tab-title-7941\" class=\"elementor-tab-title elementor-tab-desktop-title\" aria-selected=\"true\" data-tab=\"1\" role=\"tab\" tabindex=\"0\" aria-controls=\"elementor-tab-content-7941\" aria-expanded=\"false\">Fiabilit\u00e9<\/div>\n\t\t\t\t\t\t\t\t\t<div id=\"elementor-tab-title-7942\" class=\"elementor-tab-title elementor-tab-desktop-title\" aria-selected=\"false\" data-tab=\"2\" role=\"tab\" tabindex=\"-1\" aria-controls=\"elementor-tab-content-7942\" aria-expanded=\"false\">Engagement & Transparence<\/div>\n\t\t\t\t\t\t\t\t\t<div id=\"elementor-tab-title-7943\" class=\"elementor-tab-title elementor-tab-desktop-title\" aria-selected=\"false\" data-tab=\"3\" role=\"tab\" tabindex=\"-1\" aria-controls=\"elementor-tab-content-7943\" aria-expanded=\"false\">Qualit\u00e9 du travail<\/div>\n\t\t\t\t\t\t\t<\/div>\n\t\t\t<div class=\"elementor-tabs-content-wrapper\" role=\"tablist\" aria-orientation=\"vertical\">\n\t\t\t\t\t\t\t\t\t<div class=\"elementor-tab-title elementor-tab-mobile-title\" aria-selected=\"true\" data-tab=\"1\" role=\"tab\" tabindex=\"0\" aria-controls=\"elementor-tab-content-7941\" aria-expanded=\"false\">Fiabilit\u00e9<\/div>\n\t\t\t\t\t<div id=\"elementor-tab-content-7941\" class=\"elementor-tab-content elementor-clearfix\" data-tab=\"1\" role=\"tabpanel\" aria-labelledby=\"elementor-tab-title-7941\" tabindex=\"0\" hidden=\"false\"><p>Vous pouvez compter sur nous. De la premi\u00e8re prise de contact \u00e0 la livraison finale, nous mettons tout en \u0153uvre pour b\u00e2tir une relation de confiance durable. Notre \u00e9quipe respecte ses engagements et reste disponible \u00e0 chaque \u00e9tape.<\/p><\/div>\n\t\t\t\t\t\t\t\t\t<div class=\"elementor-tab-title elementor-tab-mobile-title\" aria-selected=\"false\" data-tab=\"2\" role=\"tab\" tabindex=\"-1\" aria-controls=\"elementor-tab-content-7942\" aria-expanded=\"false\">Engagement & Transparence<\/div>\n\t\t\t\t\t<div id=\"elementor-tab-content-7942\" class=\"elementor-tab-content elementor-clearfix\" data-tab=\"2\" role=\"tabpanel\" aria-labelledby=\"elementor-tab-title-7942\" tabindex=\"0\" hidden=\"hidden\"><p>Chez nous, chaque client est un partenaire. Nous nous engageons pleinement dans chaque mission avec rigueur, transparence et r\u00e9activit\u00e9. Notre priorit\u00e9 est d\u2019assurer le succ\u00e8s de vos projets, dans le respect des d\u00e9lais et des exigences de qualit\u00e9.<\/p><\/div>\n\t\t\t\t\t\t\t\t\t<div class=\"elementor-tab-title elementor-tab-mobile-title\" aria-selected=\"false\" data-tab=\"3\" role=\"tab\" tabindex=\"-1\" aria-controls=\"elementor-tab-content-7943\" aria-expanded=\"false\">Qualit\u00e9 du travail<\/div>\n\t\t\t\t\t<div id=\"elementor-tab-content-7943\" class=\"elementor-tab-content elementor-clearfix\" data-tab=\"3\" role=\"tabpanel\" aria-labelledby=\"elementor-tab-title-7943\" tabindex=\"0\" hidden=\"hidden\"><p>L\u2019excellence n\u2019est pas un objectif, c\u2019est une exigence. Nous visons la perfection dans chaque d\u00e9tail, avec une veille constante sur les meilleures pratiques du march\u00e9 et un souci permanent de l\u2019am\u00e9lioration continue.<\/p><\/div>\n\t\t\t\t\t\t\t<\/div>\n\t\t<\/div>\n\t\t\t\t\t\t<\/div>\n\t\t\t\t\t<\/div>\r\n\t\t\t\t<\/div>\r\n\t\t\t\t\t<\/div>\r\n\t\t\t\t<\/div>\r\n\t\t\t\t<\/div>\n\t\t","protected":false},"excerpt":{"rendered":"<p>L\u2019entreprise CLUTCH a \u00e9t\u00e9 fond\u00e9e par une \u00e9quipe des ing\u00e9nieurs dynamiques, n\u00e9e d&rsquo;une v\u00e9ritable passion pour la conception et la r\u00e9alisation des projets tout corps d\u2019\u00e9tat. Notre savoir faire et nos comp\u00e9tences reposent sur un bureau d&rsquo;\u00e9tudes, nos comp\u00e9tences sur le terrain et des personnels exp\u00e9riment\u00e9s et motiv\u00e9s. Quelque soit votre projet, l\u2019entreprise CLUTCH vous [&hellip;]<\/p>\n","protected":false},"author":1,"featured_media":0,"parent":0,"menu_order":0,"comment_status":"closed","ping_status":"closed","template":"","meta":{"footnotes":""},"class_list":["post-11","page","type-page","status-publish","hentry"],"_links":{"self":[{"href":"https:\/\/logiciel.click\/clutch\/wp-json\/wp\/v2\/pages\/11","targetHints":{"allow":["GET"]}}],"collection":[{"href":"https:\/\/logiciel.click\/clutch\/wp-json\/wp\/v2\/pages"}],"about":[{"href":"https:\/\/logiciel.click\/clutch\/wp-json\/wp\/v2\/types\/page"}],"author":[{"embeddable":true,"href":"https:\/\/logiciel.click\/clutch\/wp-json\/wp\/v2\/users\/1"}],"replies":[{"embeddable":true,"href":"https:\/\/logiciel.click\/clutch\/wp-json\/wp\/v2\/comments?post=11"}],"version-history":[{"count":25,"href":"https:\/\/logiciel.click\/clutch\/wp-json\/wp\/v2\/pages\/11\/revisions"}],"predecessor-version":[{"id":5107,"href":"https:\/\/logiciel.click\/clutch\/wp-json\/wp\/v2\/pages\/11\/revisions\/5107"}],"wp:attachment":[{"href":"https:\/\/logiciel.click\/clutch\/wp-json\/wp\/v2\/media?parent=11"}],"curies":[{"name":"wp","href":"https:\/\/api.w.org\/{rel}","templated":true}]}}