{"id":5250,"date":"2026-02-10T12:11:23","date_gmt":"2026-02-10T11:11:23","guid":{"rendered":"https:\/\/logiciel.click\/clutch\/?page_id=5250"},"modified":"2026-02-10T14:15:10","modified_gmt":"2026-02-10T13:15:10","slug":"travaux-de-gros-oeuvre","status":"publish","type":"page","link":"https:\/\/logiciel.click\/clutch\/travaux-de-gros-oeuvre\/","title":{"rendered":"Travaux d&rsquo;m\u00e9nagement Int\u00e9rieur &#038; Second \u0152uvre"},"content":{"rendered":"\t\t<div data-elementor-type=\"wp-page\" data-elementor-id=\"5250\" class=\"elementor elementor-5250\" data-elementor-post-type=\"page\">\n\t\t\t\t<div class=\"elementor-element elementor-element-1f19bfa e-flex e-con-boxed e-con e-parent\" data-id=\"1f19bfa\" data-element_type=\"container\" data-e-type=\"container\">\r\n\t\t\t\t\t<div class=\"e-con-inner\">\r\n\t\t\t\t<div class=\"elementor-element elementor-element-ff931a6 elementor-widget elementor-widget-porto_ultimate_heading\" data-id=\"ff931a6\" data-element_type=\"widget\" data-e-type=\"widget\" data-widget_type=\"porto_ultimate_heading.default\">\n\t\t\t\t\t<div class=\"porto-u-heading  porto-u-55ca8359258f9a412be7e73af65d2aac\"><div class=\"porto-u-main-heading\"><h2   >Travaux d'm\u00e9nagement Int\u00e9rieur & Second \u0152uvre<\/h2><\/div><style>.porto-u-55ca8359258f9a412be7e73af65d2aac.porto-u-heading{text-align:center}<\/style><\/div>\t\t\t\t<\/div>\n\t\t\t\t\t<\/div>\n\t\t\t\t<\/div>\n\t\t\t\t<\/div>\n\t\t","protected":false},"excerpt":{"rendered":"<p>Travaux d&rsquo;m\u00e9nagement Int\u00e9rieur &amp; Second \u0152uvre<\/p>\n","protected":false},"author":1,"featured_media":0,"parent":0,"menu_order":0,"comment_status":"closed","ping_status":"closed","template":"","meta":{"footnotes":""},"class_list":["post-5250","page","type-page","status-publish","hentry"],"_links":{"self":[{"href":"https:\/\/logiciel.click\/clutch\/wp-json\/wp\/v2\/pages\/5250","targetHints":{"allow":["GET"]}}],"collection":[{"href":"https:\/\/logiciel.click\/clutch\/wp-json\/wp\/v2\/pages"}],"about":[{"href":"https:\/\/logiciel.click\/clutch\/wp-json\/wp\/v2\/types\/page"}],"author":[{"embeddable":true,"href":"https:\/\/logiciel.click\/clutch\/wp-json\/wp\/v2\/users\/1"}],"replies":[{"embeddable":true,"href":"https:\/\/logiciel.click\/clutch\/wp-json\/wp\/v2\/comments?post=5250"}],"version-history":[{"count":23,"href":"https:\/\/logiciel.click\/clutch\/wp-json\/wp\/v2\/pages\/5250\/revisions"}],"predecessor-version":[{"id":5326,"href":"https:\/\/logiciel.click\/clutch\/wp-json\/wp\/v2\/pages\/5250\/revisions\/5326"}],"wp:attachment":[{"href":"https:\/\/logiciel.click\/clutch\/wp-json\/wp\/v2\/media?parent=5250"}],"curies":[{"name":"wp","href":"https:\/\/api.w.org\/{rel}","templated":true}]}}