{"id":5389,"date":"2026-02-10T15:28:57","date_gmt":"2026-02-10T14:28:57","guid":{"rendered":"https:\/\/logiciel.click\/clutch\/?page_id=5389"},"modified":"2026-02-11T17:03:22","modified_gmt":"2026-02-11T16:03:22","slug":"projets","status":"publish","type":"page","link":"https:\/\/logiciel.click\/clutch\/projets\/","title":{"rendered":"Projets"},"content":{"rendered":"\t\t<div data-elementor-type=\"wp-page\" data-elementor-id=\"5389\" class=\"elementor elementor-5389\" data-elementor-post-type=\"page\">\n\t\t\t\t\t\t<section class=\"elementor-section elementor-top-section elementor-element elementor-element-25ec1630 elementor-section-boxed elementor-section-height-default elementor-section-height-default\" data-id=\"25ec1630\" data-element_type=\"section\" data-e-type=\"section\">\r\n\t\t\r\n\t\t\t\t\t\t\t<div class=\"elementor-container elementor-column-gap-default\">\r\n\t\t\t\t\t\t\t\t\t\t\t<div class=\"elementor-column elementor-col-50 elementor-top-column elementor-element elementor-element-51baec75 mx-auto\" data-id=\"51baec75\" data-element_type=\"column\" data-e-type=\"column\">\r\n\t\t\t\t\t<div class=\"elementor-widget-wrap elementor-element-populated\">\r\n\t\t\t\t\t\t\t\t<div class=\"elementor-element elementor-element-6c2fce78 custom-highlight-1 custom-weight-1 mb-2 elementor-invisible elementor-widget elementor-widget-heading\" data-id=\"6c2fce78\" data-element_type=\"widget\" data-e-type=\"widget\" data-settings=\"{&quot;_animation&quot;:&quot;fadeInUp&quot;,&quot;_animation_delay&quot;:100}\" data-widget_type=\"heading.default\">\n\t\t\t\t\t<h4 class=\"elementor-heading-title elementor-size-default\"><strong>Nos r\u00e9f\u00e9rences<\/strong><\/h4>\t\t\t\t<\/div>\n\t\t\t\t<div class=\"elementor-element elementor-element-76ea4a27 elementor-invisible elementor-widget elementor-widget-porto_ultimate_heading\" data-id=\"76ea4a27\" data-element_type=\"widget\" data-e-type=\"widget\" data-settings=\"{&quot;_animation&quot;:&quot;fadeInUp&quot;,&quot;_animation_delay&quot;:250}\" data-widget_type=\"porto_ultimate_heading.default\">\n\t\t\t\t\t<div class=\"porto-u-heading  porto-u-55ca8359258f9a412be7e73af65d2aac\"><div class=\"porto-u-main-heading\"><h3    style=\"margin-bottom: 24px;\">Nos projets<\/h3><\/div><div class=\"porto-u-sub-heading\" style=\"margin-bottom:10px;\"><p>Chaque projet est \u00e9tudi\u00e9, planifi\u00e9 et ex\u00e9cut\u00e9 avec pr\u00e9cision, selon les standards professionnels.<\/p><\/div><style>.porto-u-55ca8359258f9a412be7e73af65d2aac.porto-u-heading{text-align:center}<\/style><\/div>\t\t\t\t<\/div>\n\t\t\t\t\t<\/div>\r\n\t\t\t\t<\/div>\r\n\t\t\t\t<div class=\"elementor-column elementor-col-50 elementor-top-column elementor-element elementor-element-28822e05 w-100\" data-id=\"28822e05\" data-element_type=\"column\" data-e-type=\"column\">\r\n\t\t\t\t\t<div class=\"elementor-widget-wrap elementor-element-populated\">\r\n\t\t\t\t\t\t<div class=\"elementor-element elementor-element-5fd636f4 e-grid e-con-boxed e-con e-parent\" data-id=\"5fd636f4\" data-element_type=\"container\" data-e-type=\"container\">\r\n\t\t\t\t\t<div class=\"e-con-inner\">\r\n\t\t\t\t<div class=\"elementor-element elementor-element-618bf98a elementor-flip-box--effect-push elementor-flip-box--direction-up elementor-widget elementor-widget-flip-box\" data-id=\"618bf98a\" data-element_type=\"widget\" data-e-type=\"widget\" data-widget_type=\"flip-box.default\">\n\t\t\t\t\t\t\t<div class=\"elementor-flip-box\" tabindex=\"0\">\r\n\t\t\t<div class=\"elementor-flip-box__layer elementor-flip-box__front\">\r\n\t\t\t\t<div class=\"elementor-flip-box__layer__overlay\">\r\n\t\t\t\t\t<div class=\"elementor-flip-box__layer__inner\">\r\n\t\t\t\t\t\t\t\t\t\t\t\t\t<div class=\"elementor-flip-box__image\">\r\n\t\t\t\t\t\t\t\t<img decoding=\"async\" src=\"https:\/\/logiciel.click\/clutch\/wp-content\/uploads\/elementor\/thumbs\/gros-oeuvre-scaled-rj03wtnkrqexiie6vq2ya2bdbyem8trom4jdchz1w8.jpg\" title=\"Beautiful shot of a silhouette of a crane during the sunset\" alt=\"A beautiful shot of a silhouette of a crane during the sunset\" loading=\"lazy\" \/>\t\t\t\t\t\t\t<\/div>\r\n\t\t\t\t\t\t\r\n\t\t\t\t\t\t\t\t\t\t\t\t\t<h3 class=\"elementor-flip-box__layer__title\">\r\n\t\t\t\t\t\t\t\tTravaux de Gros \u0152uvre\t\t\t\t\t\t\t<\/h3>\r\n\t\t\t\t\t\t\r\n\t\t\t\t\t\t\t\t\t\t\t<\/div>\r\n\t\t\t\t<\/div>\r\n\t\t\t<\/div>\r\n\t\t\t<div class=\"elementor-flip-box__layer elementor-flip-box__back\">\r\n\t\t\t<div class=\"elementor-flip-box__layer__overlay\">\r\n\t\t\t\t<div class=\"elementor-flip-box__layer__inner\">\r\n\t\t\t\t\t\t\t\t\t\t\t<h3 class=\"elementor-flip-box__layer__title\">\r\n\t\t\t\t\t\t\tTravaux de Gros \u0152uvre\t\t\t\t\t\t<\/h3>\r\n\t\t\t\t\t\r\n\t\t\t\t\t\t\t\t\t\t\t<div class=\"elementor-flip-box__layer__description\">\r\n\t\t\t\t\t\t\tNous avons r\u00e9alis\u00e9s beaucoup de projets.\t\t\t\t\t\t<\/div>\r\n\t\t\t\t\t\r\n\t\t\t\t\t\t\t\t\t\t\t<a class=\"elementor-flip-box__button elementor-button elementor-size-sm\" href=\"\/clutch\/travaux-de-gros-oeuvre-2\/\" target=\"_blank\">\r\n\t\t\t\t\t\t\tVoir plus\t\t\t\t\t\t<\/a>\r\n\t\t\t\t\t\t\t\t<\/div>\r\n\t\t<\/div>\r\n\t\t<\/div>\r\n\t\t<\/div>\r\n\t\t\t\t\t\t<\/div>\n\t\t\t\t<div class=\"elementor-element elementor-element-54d3bd83 elementor-flip-box--effect-push elementor-flip-box--direction-up elementor-widget elementor-widget-flip-box\" data-id=\"54d3bd83\" data-element_type=\"widget\" data-e-type=\"widget\" data-widget_type=\"flip-box.default\">\n\t\t\t\t\t\t\t<div class=\"elementor-flip-box\" tabindex=\"0\">\r\n\t\t\t<div class=\"elementor-flip-box__layer elementor-flip-box__front\">\r\n\t\t\t\t<div class=\"elementor-flip-box__layer__overlay\">\r\n\t\t\t\t\t<div class=\"elementor-flip-box__layer__inner\">\r\n\t\t\t\t\t\t\t\t\t\t\t\t\t<div class=\"elementor-flip-box__image\">\r\n\t\t\t\t\t\t\t\t<img decoding=\"async\" src=\"https:\/\/logiciel.click\/clutch\/wp-content\/uploads\/elementor\/thumbs\/amenagement-inter-et-sec-scaled-rj03za0em5rvtutujs9vsg0p66b4cdiga9v0gic1nc.jpg\" title=\"amenagement inter et sec\" alt=\"amenagement inter et sec\" loading=\"lazy\" \/>\t\t\t\t\t\t\t<\/div>\r\n\t\t\t\t\t\t\r\n\t\t\t\t\t\t\t\t\t\t\t\t\t<h3 class=\"elementor-flip-box__layer__title\">\r\n\t\t\t\t\t\t\t\tAm\u00e9nagement Int\u00e9rieur &amp; Second \u0152uvre\t\t\t\t\t\t\t<\/h3>\r\n\t\t\t\t\t\t\r\n\t\t\t\t\t\t\t\t\t\t\t<\/div>\r\n\t\t\t\t<\/div>\r\n\t\t\t<\/div>\r\n\t\t\t<div class=\"elementor-flip-box__layer elementor-flip-box__back\">\r\n\t\t\t<div class=\"elementor-flip-box__layer__overlay\">\r\n\t\t\t\t<div class=\"elementor-flip-box__layer__inner\">\r\n\t\t\t\t\t\t\t\t\t\t\t<h3 class=\"elementor-flip-box__layer__title\">\r\n\t\t\t\t\t\t\tAm\u00e9nagement Int\u00e9rieur &amp; Second \u0152uvre\t\t\t\t\t\t<\/h3>\r\n\t\t\t\t\t\r\n\t\t\t\t\t\t\t\t\t\t\t<div class=\"elementor-flip-box__layer__description\">\r\n\t\t\t\t\t\t\tNous avons r\u00e9alis\u00e9s beaucoup de projets.\t\t\t\t\t\t<\/div>\r\n\t\t\t\t\t\r\n\t\t\t\t\t\t\t\t\t\t\t<a class=\"elementor-flip-box__button elementor-button elementor-size-sm\" href=\"https:\/\/logiciel.click\/clutch\/travaux-de-gros-oeuvre\/\" target=\"_blank\">\r\n\t\t\t\t\t\t\tVoir plus\t\t\t\t\t\t<\/a>\r\n\t\t\t\t\t\t\t\t<\/div>\r\n\t\t<\/div>\r\n\t\t<\/div>\r\n\t\t<\/div>\r\n\t\t\t\t\t\t<\/div>\n\t\t\t\t<div class=\"elementor-element elementor-element-39927474 elementor-flip-box--effect-push elementor-flip-box--direction-up elementor-widget elementor-widget-flip-box\" data-id=\"39927474\" data-element_type=\"widget\" data-e-type=\"widget\" data-widget_type=\"flip-box.default\">\n\t\t\t\t\t\t\t<div class=\"elementor-flip-box\" tabindex=\"0\">\r\n\t\t\t<div class=\"elementor-flip-box__layer elementor-flip-box__front\">\r\n\t\t\t\t<div class=\"elementor-flip-box__layer__overlay\">\r\n\t\t\t\t\t<div class=\"elementor-flip-box__layer__inner\">\r\n\t\t\t\t\t\t\t\t\t\t\t\t\t<div class=\"elementor-flip-box__image\">\r\n\t\t\t\t\t\t\t\t<img decoding=\"async\" src=\"https:\/\/logiciel.click\/clutch\/wp-content\/uploads\/elementor\/thumbs\/3-Infrastructures-et-VRD-Copie-scaled-rj0463ca5x3q02xhr8bid8407qpx5dke804qpq8ajc.jpg\" title=\"3- Infrastructures et VRD &#8211; Copie\" alt=\"3- Infrastructures et VRD - Copie\" loading=\"lazy\" \/>\t\t\t\t\t\t\t<\/div>\r\n\t\t\t\t\t\t\r\n\t\t\t\t\t\t\t\t\t\t\t\t\t<h3 class=\"elementor-flip-box__layer__title\">\r\n\t\t\t\t\t\t\t\tAmenagement Ext\u00e9rieur \u2013 Urbanisme &amp; VRD\t\t\t\t\t\t\t<\/h3>\r\n\t\t\t\t\t\t\r\n\t\t\t\t\t\t\t\t\t\t\t<\/div>\r\n\t\t\t\t<\/div>\r\n\t\t\t<\/div>\r\n\t\t\t<div class=\"elementor-flip-box__layer elementor-flip-box__back\">\r\n\t\t\t<div class=\"elementor-flip-box__layer__overlay\">\r\n\t\t\t\t<div class=\"elementor-flip-box__layer__inner\">\r\n\t\t\t\t\t\t\t\t\t\t\t<h3 class=\"elementor-flip-box__layer__title\">\r\n\t\t\t\t\t\t\tAamenagement Ext\u00e9rieur \u2013 Urbanisme &amp; VRD\t\t\t\t\t\t<\/h3>\r\n\t\t\t\t\t\r\n\t\t\t\t\t\t\t\t\t\t\t<div class=\"elementor-flip-box__layer__description\">\r\n\t\t\t\t\t\t\tNous avons r\u00e9alis\u00e9s beaucoup de projets.\t\t\t\t\t\t<\/div>\r\n\t\t\t\t\t\r\n\t\t\t\t\t\t\t\t\t\t\t<a class=\"elementor-flip-box__button elementor-button elementor-size-sm\" href=\"\/clutch\/travaux-dmenagement-interieur-second-oeuvre\/\" target=\"_blank\">\r\n\t\t\t\t\t\t\tVoir plus\t\t\t\t\t\t<\/a>\r\n\t\t\t\t\t\t\t\t<\/div>\r\n\t\t<\/div>\r\n\t\t<\/div>\r\n\t\t<\/div>\r\n\t\t\t\t\t\t<\/div>\n\t\t\t\t<div class=\"elementor-element elementor-element-1d803c1b elementor-flip-box--effect-push elementor-flip-box--direction-up elementor-widget elementor-widget-flip-box\" data-id=\"1d803c1b\" data-element_type=\"widget\" data-e-type=\"widget\" data-widget_type=\"flip-box.default\">\n\t\t\t\t\t\t\t<div class=\"elementor-flip-box\" tabindex=\"0\">\r\n\t\t\t<div class=\"elementor-flip-box__layer elementor-flip-box__front\">\r\n\t\t\t\t<div class=\"elementor-flip-box__layer__overlay\">\r\n\t\t\t\t\t<div class=\"elementor-flip-box__layer__inner\">\r\n\t\t\t\t\t\t\t\t\t\t\t\t\t<div class=\"elementor-flip-box__image\">\r\n\t\t\t\t\t\t\t\t<img decoding=\"async\" src=\"https:\/\/logiciel.click\/clutch\/wp-content\/uploads\/elementor\/thumbs\/4-Construction-et-Installation-industrielles-Copie-scaled-rj047w759hki96ba8icrn9qt7bu8whpvgx58ttk4m0.jpg\" title=\"4- Construction et Installation industrielles &#8211; Copie\" alt=\"4- Construction et Installation industrielles - Copie\" loading=\"lazy\" \/>\t\t\t\t\t\t\t<\/div>\r\n\t\t\t\t\t\t\r\n\t\t\t\t\t\t\t\t\t\t\t\t\t<h3 class=\"elementor-flip-box__layer__title\">\r\n\t\t\t\t\t\t\t\tTravaux Industriels\t\t\t\t\t\t\t<\/h3>\r\n\t\t\t\t\t\t\r\n\t\t\t\t\t\t\t\t\t\t\t<\/div>\r\n\t\t\t\t<\/div>\r\n\t\t\t<\/div>\r\n\t\t\t<div class=\"elementor-flip-box__layer elementor-flip-box__back\">\r\n\t\t\t<div class=\"elementor-flip-box__layer__overlay\">\r\n\t\t\t\t<div class=\"elementor-flip-box__layer__inner\">\r\n\t\t\t\t\t\t\t\t\t\t\t<h3 class=\"elementor-flip-box__layer__title\">\r\n\t\t\t\t\t\t\tTravaux Industriels\t\t\t\t\t\t<\/h3>\r\n\t\t\t\t\t\r\n\t\t\t\t\t\t\t\t\t\t\t<div class=\"elementor-flip-box__layer__description\">\r\n\t\t\t\t\t\t\tNous avons r\u00e9alis\u00e9s beaucoup de projets.\t\t\t\t\t\t<\/div>\r\n\t\t\t\t\t\r\n\t\t\t\t\t\t\t\t\t\t\t<a class=\"elementor-flip-box__button elementor-button elementor-size-sm\" href=\"\/clutch\/travaux-industriels\/\" target=\"_blank\">\r\n\t\t\t\t\t\t\tVoir plus\t\t\t\t\t\t<\/a>\r\n\t\t\t\t\t\t\t\t<\/div>\r\n\t\t<\/div>\r\n\t\t<\/div>\r\n\t\t<\/div>\r\n\t\t\t\t\t\t<\/div>\n\t\t\t\t<div class=\"elementor-element elementor-element-773e8f43 elementor-flip-box--effect-push elementor-flip-box--direction-up elementor-widget elementor-widget-flip-box\" data-id=\"773e8f43\" data-element_type=\"widget\" data-e-type=\"widget\" data-widget_type=\"flip-box.default\">\n\t\t\t\t\t\t\t<div class=\"elementor-flip-box\" tabindex=\"0\">\r\n\t\t\t<div class=\"elementor-flip-box__layer elementor-flip-box__front\">\r\n\t\t\t\t<div class=\"elementor-flip-box__layer__overlay\">\r\n\t\t\t\t\t<div class=\"elementor-flip-box__layer__inner\">\r\n\t\t\t\t\t\t\t\t\t\t\t\t\t<div class=\"elementor-flip-box__image\">\r\n\t\t\t\t\t\t\t\t<img decoding=\"async\" src=\"https:\/\/logiciel.click\/clutch\/wp-content\/uploads\/elementor\/thumbs\/5-Rehabilitation-et-Restauration-du-patrimoine-bati-Copie-rj049hjaudqzxdzzxp50dd9xftzmy11i0sxv3p742g.jpg\" title=\"5- R\u00e9habilitation et Restauration du patrimoine b\u00e2ti &#8211; Copie\" alt=\"5- R\u00e9habilitation et Restauration du patrimoine b\u00e2ti - Copie\" loading=\"lazy\" \/>\t\t\t\t\t\t\t<\/div>\r\n\t\t\t\t\t\t\r\n\t\t\t\t\t\t\t\t\t\t\t\t\t<h3 class=\"elementor-flip-box__layer__title\">\r\n\t\t\t\t\t\t\t\tConsolidation r\u00e9habilitation et r\u00e9stauration traditionel\t\t\t\t\t\t\t<\/h3>\r\n\t\t\t\t\t\t\r\n\t\t\t\t\t\t\t\t\t\t\t<\/div>\r\n\t\t\t\t<\/div>\r\n\t\t\t<\/div>\r\n\t\t\t<div class=\"elementor-flip-box__layer elementor-flip-box__back\">\r\n\t\t\t<div class=\"elementor-flip-box__layer__overlay\">\r\n\t\t\t\t<div class=\"elementor-flip-box__layer__inner\">\r\n\t\t\t\t\t\t\t\t\t\t\t<h3 class=\"elementor-flip-box__layer__title\">\r\n\t\t\t\t\t\t\tConsolidation r\u00e9habilitation et r\u00e9stauration traditionel\t\t\t\t\t\t<\/h3>\r\n\t\t\t\t\t\r\n\t\t\t\t\t\t\t\t\t\t\t<div class=\"elementor-flip-box__layer__description\">\r\n\t\t\t\t\t\t\tNous avons r\u00e9alis\u00e9s beaucoup de projets.\t\t\t\t\t\t<\/div>\r\n\t\t\t\t\t\r\n\t\t\t\t\t\t\t\t\t\t\t<a class=\"elementor-flip-box__button elementor-button elementor-size-sm\" href=\"\/clutch\/travaux-de-consolidation-rehabilitation-et-restauration-traditionel\/\" target=\"_blank\">\r\n\t\t\t\t\t\t\tVoir plus\t\t\t\t\t\t<\/a>\r\n\t\t\t\t\t\t\t\t<\/div>\r\n\t\t<\/div>\r\n\t\t<\/div>\r\n\t\t<\/div>\r\n\t\t\t\t\t\t<\/div>\n\t\t\t\t<div class=\"elementor-element elementor-element-1c708cce elementor-flip-box--effect-push elementor-flip-box--direction-up elementor-widget elementor-widget-flip-box\" data-id=\"1c708cce\" data-element_type=\"widget\" data-e-type=\"widget\" data-widget_type=\"flip-box.default\">\n\t\t\t\t\t\t\t<div class=\"elementor-flip-box\" tabindex=\"0\">\r\n\t\t\t<div class=\"elementor-flip-box__layer elementor-flip-box__front\">\r\n\t\t\t\t<div class=\"elementor-flip-box__layer__overlay\">\r\n\t\t\t\t\t<div class=\"elementor-flip-box__layer__inner\">\r\n\t\t\t\t\t\t\t\t\t\t\t\t\t<div class=\"elementor-flip-box__image\">\r\n\t\t\t\t\t\t\t\t<img decoding=\"async\" src=\"https:\/\/logiciel.click\/clutch\/wp-content\/uploads\/elementor\/thumbs\/7-Eclairage-public-Copie-scaled-rj04aaoaq8uvxato7jqg0nx7us00kn96gt5wz9zwpk.jpg\" title=\"7- Eclairage public &#8211; Copie\" alt=\"7- Eclairage public - Copie\" loading=\"lazy\" \/>\t\t\t\t\t\t\t<\/div>\r\n\t\t\t\t\t\t\r\n\t\t\t\t\t\t\t\t\t\t\t\t\t<h3 class=\"elementor-flip-box__layer__title\">\r\n\t\t\t\t\t\t\t\tEclairage public et mise en lumiere \t\t\t\t\t\t\t<\/h3>\r\n\t\t\t\t\t\t\r\n\t\t\t\t\t\t\t\t\t\t\t<\/div>\r\n\t\t\t\t<\/div>\r\n\t\t\t<\/div>\r\n\t\t\t<div class=\"elementor-flip-box__layer elementor-flip-box__back\">\r\n\t\t\t<div class=\"elementor-flip-box__layer__overlay\">\r\n\t\t\t\t<div class=\"elementor-flip-box__layer__inner\">\r\n\t\t\t\t\t\t\t\t\t\t\t<h3 class=\"elementor-flip-box__layer__title\">\r\n\t\t\t\t\t\t\tEclairage public et mise en lumiere \t\t\t\t\t\t<\/h3>\r\n\t\t\t\t\t\r\n\t\t\t\t\t\t\t\t\t\t\t<div class=\"elementor-flip-box__layer__description\">\r\n\t\t\t\t\t\t\tNous avons r\u00e9alis\u00e9s beaucoup de projets.\t\t\t\t\t\t<\/div>\r\n\t\t\t\t\t\r\n\t\t\t\t\t\t\t\t\t\t\t<a class=\"elementor-flip-box__button elementor-button elementor-size-sm\" href=\"\/clutch\/travaux-declairage-public-et-mise-en-lumiere\/\" target=\"_blank\">\r\n\t\t\t\t\t\t\tVoir plus\t\t\t\t\t\t<\/a>\r\n\t\t\t\t\t\t\t\t<\/div>\r\n\t\t<\/div>\r\n\t\t<\/div>\r\n\t\t<\/div>\r\n\t\t\t\t\t\t<\/div>\n\t\t\t\t<div class=\"elementor-element elementor-element-2097d6d2 elementor-flip-box--effect-push elementor-flip-box--direction-up elementor-widget elementor-widget-flip-box\" data-id=\"2097d6d2\" data-element_type=\"widget\" data-e-type=\"widget\" data-widget_type=\"flip-box.default\">\n\t\t\t\t\t\t\t<div class=\"elementor-flip-box\" tabindex=\"0\">\r\n\t\t\t<div class=\"elementor-flip-box__layer elementor-flip-box__front\">\r\n\t\t\t\t<div class=\"elementor-flip-box__layer__overlay\">\r\n\t\t\t\t\t<div class=\"elementor-flip-box__layer__inner\">\r\n\t\t\t\t\t\t\t\t\t\t\t\t\t<div class=\"elementor-flip-box__image\">\r\n\t\t\t\t\t\t\t\t<img decoding=\"async\" src=\"https:\/\/logiciel.click\/clutch\/wp-content\/uploads\/elementor\/thumbs\/8-Design-dinterieur-et-Eclairage-decoratif-Copie-rj04c3j5ttbo6e7gotrpapk0ud4cbrenpq6f3dbqs8.jpg\" title=\"8- Design d\u2019int\u00e9rieur et \u00c9clairage d\u00e9coratif &#8211; Copie\" alt=\"8- Design d\u2019int\u00e9rieur et \u00c9clairage d\u00e9coratif - Copie\" loading=\"lazy\" \/>\t\t\t\t\t\t\t<\/div>\r\n\t\t\t\t\t\t\r\n\t\t\t\t\t\t\t\t\t\t\t\t\t<h3 class=\"elementor-flip-box__layer__title\">\r\n\t\t\t\t\t\t\t\tEclairage interieur\t\t\t\t\t\t\t<\/h3>\r\n\t\t\t\t\t\t\r\n\t\t\t\t\t\t\t\t\t\t\t<\/div>\r\n\t\t\t\t<\/div>\r\n\t\t\t<\/div>\r\n\t\t\t<div class=\"elementor-flip-box__layer elementor-flip-box__back\">\r\n\t\t\t<div class=\"elementor-flip-box__layer__overlay\">\r\n\t\t\t\t<div class=\"elementor-flip-box__layer__inner\">\r\n\t\t\t\t\t\t\t\t\t\t\t<h3 class=\"elementor-flip-box__layer__title\">\r\n\t\t\t\t\t\t\tEclairage interieur\t\t\t\t\t\t<\/h3>\r\n\t\t\t\t\t\r\n\t\t\t\t\t\t\t\t\t\t\t<div class=\"elementor-flip-box__layer__description\">\r\n\t\t\t\t\t\t\tNous avons r\u00e9alis\u00e9s beaucoup de projets.\t\t\t\t\t\t<\/div>\r\n\t\t\t\t\t\r\n\t\t\t\t\t\t\t\t\t\t\t<a class=\"elementor-flip-box__button elementor-button elementor-size-sm\" href=\"\/clutch\/travaux-declairage-interieur\/\" target=\"_blank\">\r\n\t\t\t\t\t\t\tVoir plus\t\t\t\t\t\t<\/a>\r\n\t\t\t\t\t\t\t\t<\/div>\r\n\t\t<\/div>\r\n\t\t<\/div>\r\n\t\t<\/div>\r\n\t\t\t\t\t\t<\/div>\n\t\t\t\t<div class=\"elementor-element elementor-element-6f18cd01 elementor-flip-box--effect-push elementor-flip-box--direction-up elementor-widget elementor-widget-flip-box\" data-id=\"6f18cd01\" data-element_type=\"widget\" data-e-type=\"widget\" data-widget_type=\"flip-box.default\">\n\t\t\t\t\t\t\t<div class=\"elementor-flip-box\" tabindex=\"0\">\r\n\t\t\t<div class=\"elementor-flip-box__layer elementor-flip-box__front\">\r\n\t\t\t\t<div class=\"elementor-flip-box__layer__overlay\">\r\n\t\t\t\t\t<div class=\"elementor-flip-box__layer__inner\">\r\n\t\t\t\t\t\t\t\t\t\t\t\t\t<div class=\"elementor-flip-box__image\">\r\n\t\t\t\t\t\t\t\t<img decoding=\"async\" src=\"https:\/\/logiciel.click\/clutch\/wp-content\/uploads\/elementor\/thumbs\/9-Amenagement-et-Mobilier-professionnel-rj04d7y7zov01mkr4t8nrxcudxl4iqv47a8aq9ntco.webp\" title=\"9- Am\u00e9nagement et Mobilier professionnel\" alt=\"9- Am\u00e9nagement et Mobilier professionnel\" loading=\"lazy\" \/>\t\t\t\t\t\t\t<\/div>\r\n\t\t\t\t\t\t\r\n\t\t\t\t\t\t\t\t\t\t\t\t\t<h3 class=\"elementor-flip-box__layer__title\">\r\n\t\t\t\t\t\t\t\tEquipement et mobilier\t\t\t\t\t\t\t<\/h3>\r\n\t\t\t\t\t\t\r\n\t\t\t\t\t\t\t\t\t\t\t<\/div>\r\n\t\t\t\t<\/div>\r\n\t\t\t<\/div>\r\n\t\t\t<div class=\"elementor-flip-box__layer elementor-flip-box__back\">\r\n\t\t\t<div class=\"elementor-flip-box__layer__overlay\">\r\n\t\t\t\t<div class=\"elementor-flip-box__layer__inner\">\r\n\t\t\t\t\t\t\t\t\t\t\t<h3 class=\"elementor-flip-box__layer__title\">\r\n\t\t\t\t\t\t\tEquipement et mobilier\t\t\t\t\t\t<\/h3>\r\n\t\t\t\t\t\r\n\t\t\t\t\t\t\t\t\t\t\t<div class=\"elementor-flip-box__layer__description\">\r\n\t\t\t\t\t\t\tNous avons r\u00e9alis\u00e9s beaucoup de projets.\t\t\t\t\t\t<\/div>\r\n\t\t\t\t\t\r\n\t\t\t\t\t\t\t\t\t\t\t<a class=\"elementor-flip-box__button elementor-button elementor-size-sm\" href=\"\/clutch\/equipement-et-mobilier\/\" target=\"_blank\">\r\n\t\t\t\t\t\t\tVoir plus\t\t\t\t\t\t<\/a>\r\n\t\t\t\t\t\t\t\t<\/div>\r\n\t\t<\/div>\r\n\t\t<\/div>\r\n\t\t<\/div>\r\n\t\t\t\t\t\t<\/div>\n\t\t\t\t<div class=\"elementor-element elementor-element-6ae13608 elementor-flip-box--effect-push elementor-flip-box--direction-up elementor-widget elementor-widget-flip-box\" data-id=\"6ae13608\" data-element_type=\"widget\" data-e-type=\"widget\" data-widget_type=\"flip-box.default\">\n\t\t\t\t\t\t\t<div class=\"elementor-flip-box\" tabindex=\"0\">\r\n\t\t\t<div class=\"elementor-flip-box__layer elementor-flip-box__front\">\r\n\t\t\t\t<div class=\"elementor-flip-box__layer__overlay\">\r\n\t\t\t\t\t<div class=\"elementor-flip-box__layer__inner\">\r\n\t\t\t\t\t\t\t\t\t\t\t\t\t<div class=\"elementor-flip-box__image\">\r\n\t\t\t\t\t\t\t\t<img decoding=\"async\" src=\"https:\/\/logiciel.click\/clutch\/wp-content\/uploads\/elementor\/thumbs\/10-Equipements-techniques-du-batiment-Copie-rj04ezv8wfahz3zwrkvahh86s4u325wv42lbd311lk.png\" title=\"10- \u00c9quipements techniques du b\u00e2timent &#8211; Copie\" alt=\"10- \u00c9quipements techniques du b\u00e2timent - Copie\" loading=\"lazy\" \/>\t\t\t\t\t\t\t<\/div>\r\n\t\t\t\t\t\t\r\n\t\t\t\t\t\t\t\t\t\t\t\t\t<h3 class=\"elementor-flip-box__layer__title\">\r\n\t\t\t\t\t\t\t\t\u00c9quipements techniques du b\u00e2timent\t\t\t\t\t\t\t<\/h3>\r\n\t\t\t\t\t\t\r\n\t\t\t\t\t\t\t\t\t\t\t<\/div>\r\n\t\t\t\t<\/div>\r\n\t\t\t<\/div>\r\n\t\t\t<div class=\"elementor-flip-box__layer elementor-flip-box__back\">\r\n\t\t\t<div class=\"elementor-flip-box__layer__overlay\">\r\n\t\t\t\t<div class=\"elementor-flip-box__layer__inner\">\r\n\t\t\t\t\t\t\t\t\t\t\t<h3 class=\"elementor-flip-box__layer__title\">\r\n\t\t\t\t\t\t\t\u00c9quipements techniques du b\u00e2timent\t\t\t\t\t\t<\/h3>\r\n\t\t\t\t\t\r\n\t\t\t\t\t\t\t\t\t\t\t<div class=\"elementor-flip-box__layer__description\">\r\n\t\t\t\t\t\t\tNous avons r\u00e9alis\u00e9s beaucoup de projets.\t\t\t\t\t\t<\/div>\r\n\t\t\t\t\t\r\n\t\t\t\t\t\t\t\t\t\t\t<a class=\"elementor-flip-box__button elementor-button elementor-size-sm\" href=\"\/clutch\/equipements-techniques-du-batiment\/\" target=\"_blank\">\r\n\t\t\t\t\t\t\tVoir plus\t\t\t\t\t\t<\/a>\r\n\t\t\t\t\t\t\t\t<\/div>\r\n\t\t<\/div>\r\n\t\t<\/div>\r\n\t\t<\/div>\r\n\t\t\t\t\t\t<\/div>\n\t\t\t\t\t<\/div>\n\t\t\t\t<\/div>\n\t\t\t\t\t<\/div>\r\n\t\t\t\t<\/div>\r\n\t\t\t\t\t<\/div>\r\n\t\t\t\t<\/section>\r\n\t\t\t\t<\/div>\n\t\t","protected":false},"excerpt":{"rendered":"<p>Nos r\u00e9f\u00e9rences Nos projets Chaque projet est \u00e9tudi\u00e9, planifi\u00e9 et ex\u00e9cut\u00e9 avec pr\u00e9cision, selon les standards professionnels. Travaux de Gros \u0152uvre Travaux de Gros \u0152uvre Nous avons r\u00e9alis\u00e9s beaucoup de projets. Voir plus Am\u00e9nagement Int\u00e9rieur &amp; Second \u0152uvre Am\u00e9nagement Int\u00e9rieur &amp; Second \u0152uvre Nous avons r\u00e9alis\u00e9s beaucoup de projets. Voir plus Amenagement Ext\u00e9rieur \u2013 Urbanisme [&hellip;]<\/p>\n","protected":false},"author":1,"featured_media":0,"parent":0,"menu_order":0,"comment_status":"closed","ping_status":"closed","template":"","meta":{"footnotes":""},"class_list":["post-5389","page","type-page","status-publish","hentry"],"_links":{"self":[{"href":"https:\/\/logiciel.click\/clutch\/wp-json\/wp\/v2\/pages\/5389","targetHints":{"allow":["GET"]}}],"collection":[{"href":"https:\/\/logiciel.click\/clutch\/wp-json\/wp\/v2\/pages"}],"about":[{"href":"https:\/\/logiciel.click\/clutch\/wp-json\/wp\/v2\/types\/page"}],"author":[{"embeddable":true,"href":"https:\/\/logiciel.click\/clutch\/wp-json\/wp\/v2\/users\/1"}],"replies":[{"embeddable":true,"href":"https:\/\/logiciel.click\/clutch\/wp-json\/wp\/v2\/comments?post=5389"}],"version-history":[{"count":6,"href":"https:\/\/logiciel.click\/clutch\/wp-json\/wp\/v2\/pages\/5389\/revisions"}],"predecessor-version":[{"id":5522,"href":"https:\/\/logiciel.click\/clutch\/wp-json\/wp\/v2\/pages\/5389\/revisions\/5522"}],"wp:attachment":[{"href":"https:\/\/logiciel.click\/clutch\/wp-json\/wp\/v2\/media?parent=5389"}],"curies":[{"name":"wp","href":"https:\/\/api.w.org\/{rel}","templated":true}]}}